{"id":2404,"date":"2023-08-08T21:36:05","date_gmt":"2023-08-08T18:36:05","guid":{"rendered":"https:\/\/beyazbal.com\/?post_type=product&#038;p=2404"},"modified":"2023-08-08T21:36:06","modified_gmt":"2023-08-08T18:36:06","slug":"balpinari-beyaz-bal-850-gr","status":"publish","type":"product","link":"https:\/\/beyazbal.com\/index.php\/urun\/balpinari-beyaz-bal-850-gr\/","title":{"rendered":"Balp\u0131nar\u0131 Beyaz Bal 850 GR"},"content":{"rendered":"<p>Beyaz bal, Kafkas ar\u0131lar\u0131 taraf\u0131ndan \u00fcretilen bir bal t\u00fcr\u00fcd\u00fcr. \u015eifalar\u0131 ile tan\u0131nan Beyaz Bal, K\u0131rg\u0131zistan\u2019daki Tanr\u0131 Da\u011flar\u0131 ve Kafkasya B\u00f6lgesi\u2019ndeki Kafkas Da\u011flar\u0131n\u0131n y\u00fcksek kesimlerde \u00fcretilir.<br \/>\n\u00d6zellikle Ardahan ve Artvin civar\u0131nda s\u0131k s\u0131k bulunan beyaz bal, genleri ile oynanmam\u0131\u015f do\u011fal bir besin kayna\u011f\u0131d\u0131r.<\/p>\n","protected":false},"excerpt":{"rendered":"<p>&nbsp;<\/p>\n<div class=\"ct-container-full\" data-content=\"normal\">\n<article id=\"post-1296\" class=\"post-1296 page type-page status-publish hentry\">\n<div class=\"entry-content\">\n<div class=\"elementor elementor-1296\" data-elementor-type=\"wp-page\" data-elementor-id=\"1296\">\n<div class=\"elementor-element elementor-element-7a1c244 e-con-full e-flex e-con\" data-id=\"7a1c244\" data-element_type=\"container\" data-settings=\"{&quot;content_width&quot;:&quot;full&quot;,&quot;background_background&quot;:&quot;classic&quot;}\">\n<div class=\"elementor-element elementor-element-8a7517f elementor-widget__width-initial elementor-widget-mobile__width-inherit elementor-widget elementor-widget-text-editor\" data-id=\"8a7517f\" data-element_type=\"widget\" data-widget_type=\"text-editor.default\">\n<div class=\"elementor-widget-container\">\n<p>Beyaz bal, Kafkas ar\u0131lar\u0131 taraf\u0131ndan \u00fcretilen bir bal t\u00fcr\u00fcd\u00fcr. \u015eifalar\u0131 ile tan\u0131nan Beyaz Bal, K\u0131rg\u0131zistan\u2019daki Tanr\u0131 Da\u011flar\u0131 ve Kafkasya B\u00f6lgesi\u2019ndeki Kafkas Da\u011flar\u0131n\u0131n y\u00fcksek kesimlerde \u00fcretilir.<br \/>\n\u00d6zellikle Ardahan ve Artvin civar\u0131nda s\u0131k s\u0131k bulunan beyaz bal, genleri ile oynanmam\u0131\u015f do\u011fal bir besin kayna\u011f\u0131d\u0131r.<br \/>\nBeyaz bal\u0131 \u00fcreten Kafkas ar\u0131lar\u0131 kendine has baz\u0131 \u00f6zelliklere sahiptir. Ar\u0131 familyas\u0131nda en uzun dile sahip olan ar\u0131lar olarak bilinirler. 6.6 ile 7.25 mm dil uzunlu\u011fu olan bu ar\u0131lar, ila\u00e7 gibi etkileri olan beyaz bal\u0131 \u00fcretirler.<br \/>\nBeyaz bal\u0131n tam k\u0131vam\u0131nda ve lezzetinde \u00fcretilmesi i\u00e7in \u015fehirden uzak, sanayi b\u00f6lgesi d\u0131\u015f\u0131nda bir yerde ar\u0131lar\u0131n ya\u015famas\u0131 gerekir. Bu bal\u0131n tad\u0131n\u0131 veren da\u011flar\u0131n havas\u0131 ve temiz havad\u0131r.<br \/>\nBeyaz bal kristal bir k\u0131vam alabilir. Bu kristal yap\u0131 beyaz bal\u0131n \u00f6zelli\u011fidir. Hafif k\u0131vaml\u0131, krem renkte bir g\u00f6r\u00fcn\u00fcme sahiptir.<br \/>\nBilinen sar\u0131 ballara g\u00f6re daha farkl\u0131 tona sahip olan beyaz bal, K\u0131rg\u0131z ve Kazak T\u00fcrkleri\u2019nin de y\u00f6resel besinleri aras\u0131nda yer almaktad\u0131r.<br \/>\nBeyaz bal hangi \u00e7i\u00e7ekten olur diye merak edenler i\u00e7in K\u0131rg\u0131zistan\u2019daki Tanr\u0131 Da\u011flar\u0131 ve Kafkasya\u2019daki Kafkas Da\u011flar\u0131\u2019n\u0131n y\u00fcksek kesimlerinde yeti\u015fen \u00e7i\u00e7eklerden beslendi\u011fini ifade edebiliriz.<\/p>\n<\/div>\n<\/div>\n<\/div>\n<\/div>\n<\/div>\n<\/article>\n<\/div>\n","protected":false},"featured_media":0,"comment_status":"open","ping_status":"closed","template":"","meta":[],"product_cat":[37],"product_tag":[],"class_list":["post-2404","product","type-product","status-publish","hentry","product_cat-genel"],"_links":{"self":[{"href":"https:\/\/beyazbal.com\/index.php\/wp-json\/wp\/v2\/product\/2404","targetHints":{"allow":["GET"]}}],"collection":[{"href":"https:\/\/beyazbal.com\/index.php\/wp-json\/wp\/v2\/product"}],"about":[{"href":"https:\/\/beyazbal.com\/index.php\/wp-json\/wp\/v2\/types\/product"}],"replies":[{"embeddable":true,"href":"https:\/\/beyazbal.com\/index.php\/wp-json\/wp\/v2\/comments?post=2404"}],"wp:attachment":[{"href":"https:\/\/beyazbal.com\/index.php\/wp-json\/wp\/v2\/media?parent=2404"}],"wp:term":[{"taxonomy":"product_cat","embeddable":true,"href":"https:\/\/beyazbal.com\/index.php\/wp-json\/wp\/v2\/product_cat?post=2404"},{"taxonomy":"product_tag","embeddable":true,"href":"https:\/\/beyazbal.com\/index.php\/wp-json\/wp\/v2\/product_tag?post=2404"}],"curies":[{"name":"wp","href":"https:\/\/api.w.org\/{rel}","templated":true}]}}